{"id":8,"date":"2019-03-21T12:08:29","date_gmt":"2019-03-21T16:08:29","guid":{"rendered":"https:\/\/www.cerc-martinique.fr\/?page_id=8"},"modified":"2019-03-21T12:08:29","modified_gmt":"2019-03-21T16:08:29","slug":"les-missions-de-la-cerc","status":"publish","type":"page","link":"https:\/\/www.cerc-mq.fr\/index.php\/les-missions-de-la-cerc\/","title":{"rendered":"Les missions de la CERC"},"content":{"rendered":"<div id=\"presentation\" class=\"pages container\">\n    <div class=\"intro\">\n        <p>Cr\u00e9\u00e9e le 29 mars 2018, la CERC est une association r\u00e9gie par la loi 1901, dont la mission principale est d\u2019assurer une meilleure connaissance du secteur de la Construction. <\/p>\n    <\/div>\n    <div class=\"page_content mb-2 pt-1\">\n        <h2 class=\"h2\">R\u00e9unir les acteurs de la fili\u00e8re de la Construction<\/h2>\n        <p>La CERC a vocation \u00e0 devenir un lieu de concertation permettant de f\u00e9d\u00e9rer les professionnels du BTP et les pouvoirs publics autour de probl\u00e9matiques li\u00e9es \u00e0 la Construction. <\/p>\n    <\/div>\n    <div class=\"page_content mb-2 pt-1\">\n        <h2 class=\"h2\">Mesurer et analyser<\/h2>\n        <p>La CERC d\u00e9livre toute l\u2019information \u00e9conomique et statistique de la fili\u00e8re de la Construction en Martinique en vue d\u2019\u00e9clairer les strat\u00e9gies et d\u00e9cisions des professionnels, des \u00e9lus et administrations.  <\/p>\n    <\/div>\n    <div class=\"page_content mb-2 pt-1\">\n        <h2 class=\"h2\">Anticiper<\/h2>\n        <p>Gr\u00e2ce aux \u00e9tudes et enqu\u00eates men\u00e9es, la CERC a \u00e9galement vocation \u00e0 anticiper le d\u00e9veloppement de l\u2019activit\u00e9 du secteur, des march\u00e9s et de l\u2019emploi.<\/p>\n    <\/div> \n<\/div>\n<div class=\"page_content mb-2 button_container text-center mt-2 bgd_light_blue pt-2\">\n    <div class=\"clearfix pt-2\">\n        <div class=\"col-lg-6 mb-3\">\n            <a href=\"?page_id=14\" class=\"cta\">Le bureau<\/a>\n        <\/div>\n        <div class=\"col-lg-6\">\n            <a href=\"?page_id=16\" class=\"cta\">Les membres<\/a>\n        <\/div>\n    <\/div>\n<\/div>\n","protected":false},"excerpt":{"rendered":"<p>Cr\u00e9\u00e9e le 29 mars 2018, la CERC est une association r\u00e9gie par la loi 1901, dont la mission principale est d\u2019assurer une meilleure connaissance du secteur de la Construction. R\u00e9unir les acteurs de la fili\u00e8re de la Construction La CERC a vocation \u00e0 devenir un lieu de concertation permettant de f\u00e9d\u00e9rer les professionnels du BTP [&hellip;]<\/p>\n","protected":false},"author":1,"featured_media":0,"parent":0,"menu_order":1,"comment_status":"closed","ping_status":"closed","template":"page-full-width.php","meta":{"footnotes":""},"class_list":["post-8","page","type-page","status-publish","hentry"],"yoast_head":"<!-- This site is optimized with the Yoast SEO plugin v24.0 - https:\/\/yoast.com\/wordpress\/plugins\/seo\/ -->\n<title>Les missions de la CERC - Cerc Martinique<\/title>\n<meta name=\"robots\" content=\"index, follow, max-snippet:-1, max-image-preview:large, max-video-preview:-1\" \/>\n<link rel=\"canonical\" href=\"https:\/\/www.cerc-mq.fr\/index.php\/les-missions-de-la-cerc\/\" \/>\n<meta property=\"og:locale\" content=\"fr_FR\" \/>\n<meta property=\"og:type\" content=\"article\" \/>\n<meta property=\"og:title\" content=\"Les missions de la CERC - Cerc Martinique\" \/>\n<meta property=\"og:description\" content=\"Cr\u00e9\u00e9e le 29 mars 2018, la CERC est une association r\u00e9gie par la loi 1901, dont la mission principale est d\u2019assurer une meilleure connaissance du secteur de la Construction. R\u00e9unir les acteurs de la fili\u00e8re de la Construction La CERC a vocation \u00e0 devenir un lieu de concertation permettant de f\u00e9d\u00e9rer les professionnels du BTP [&hellip;]\" \/>\n<meta property=\"og:url\" content=\"https:\/\/www.cerc-mq.fr\/index.php\/les-missions-de-la-cerc\/\" \/>\n<meta property=\"og:site_name\" content=\"Cerc Martinique\" \/>\n<meta name=\"twitter:card\" content=\"summary_large_image\" \/>\n<meta name=\"twitter:label1\" content=\"Dur\u00e9e de lecture estim\u00e9e\" \/>\n\t<meta name=\"twitter:data1\" content=\"1 minute\" \/>\n<script type=\"application\/ld+json\" class=\"yoast-schema-graph\">{\"@context\":\"https:\/\/schema.org\",\"@graph\":[{\"@type\":\"WebPage\",\"@id\":\"https:\/\/www.cerc-mq.fr\/index.php\/les-missions-de-la-cerc\/\",\"url\":\"https:\/\/www.cerc-mq.fr\/index.php\/les-missions-de-la-cerc\/\",\"name\":\"Les missions de la CERC - Cerc Martinique\",\"isPartOf\":{\"@id\":\"https:\/\/www.cerc-mq.fr\/#website\"},\"datePublished\":\"2019-03-21T16:08:29+00:00\",\"dateModified\":\"2019-03-21T16:08:29+00:00\",\"breadcrumb\":{\"@id\":\"https:\/\/www.cerc-mq.fr\/index.php\/les-missions-de-la-cerc\/#breadcrumb\"},\"inLanguage\":\"fr-FR\",\"potentialAction\":[{\"@type\":\"ReadAction\",\"target\":[\"https:\/\/www.cerc-mq.fr\/index.php\/les-missions-de-la-cerc\/\"]}]},{\"@type\":\"BreadcrumbList\",\"@id\":\"https:\/\/www.cerc-mq.fr\/index.php\/les-missions-de-la-cerc\/#breadcrumb\",\"itemListElement\":[{\"@type\":\"ListItem\",\"position\":1,\"name\":\"Accueil\",\"item\":\"https:\/\/www.cerc-mq.fr\/\"},{\"@type\":\"ListItem\",\"position\":2,\"name\":\"Les missions de la CERC\"}]},{\"@type\":\"WebSite\",\"@id\":\"https:\/\/www.cerc-mq.fr\/#website\",\"url\":\"https:\/\/www.cerc-mq.fr\/\",\"name\":\"Cerc Martinique\",\"description\":\"Cellule \u00c9conomique R\u00e9gional de la Martinique\",\"potentialAction\":[{\"@type\":\"SearchAction\",\"target\":{\"@type\":\"EntryPoint\",\"urlTemplate\":\"https:\/\/www.cerc-mq.fr\/?s={search_term_string}\"},\"query-input\":{\"@type\":\"PropertyValueSpecification\",\"valueRequired\":true,\"valueName\":\"search_term_string\"}}],\"inLanguage\":\"fr-FR\"}]}<\/script>\n<!-- \/ Yoast SEO plugin. -->","yoast_head_json":{"title":"Les missions de la CERC - Cerc Martinique","robots":{"index":"index","follow":"follow","max-snippet":"max-snippet:-1","max-image-preview":"max-image-preview:large","max-video-preview":"max-video-preview:-1"},"canonical":"https:\/\/www.cerc-mq.fr\/index.php\/les-missions-de-la-cerc\/","og_locale":"fr_FR","og_type":"article","og_title":"Les missions de la CERC - Cerc Martinique","og_description":"Cr\u00e9\u00e9e le 29 mars 2018, la CERC est une association r\u00e9gie par la loi 1901, dont la mission principale est d\u2019assurer une meilleure connaissance du secteur de la Construction. R\u00e9unir les acteurs de la fili\u00e8re de la Construction La CERC a vocation \u00e0 devenir un lieu de concertation permettant de f\u00e9d\u00e9rer les professionnels du BTP [&hellip;]","og_url":"https:\/\/www.cerc-mq.fr\/index.php\/les-missions-de-la-cerc\/","og_site_name":"Cerc Martinique","twitter_card":"summary_large_image","twitter_misc":{"Dur\u00e9e de lecture estim\u00e9e":"1 minute"},"schema":{"@context":"https:\/\/schema.org","@graph":[{"@type":"WebPage","@id":"https:\/\/www.cerc-mq.fr\/index.php\/les-missions-de-la-cerc\/","url":"https:\/\/www.cerc-mq.fr\/index.php\/les-missions-de-la-cerc\/","name":"Les missions de la CERC - Cerc Martinique","isPartOf":{"@id":"https:\/\/www.cerc-mq.fr\/#website"},"datePublished":"2019-03-21T16:08:29+00:00","dateModified":"2019-03-21T16:08:29+00:00","breadcrumb":{"@id":"https:\/\/www.cerc-mq.fr\/index.php\/les-missions-de-la-cerc\/#breadcrumb"},"inLanguage":"fr-FR","potentialAction":[{"@type":"ReadAction","target":["https:\/\/www.cerc-mq.fr\/index.php\/les-missions-de-la-cerc\/"]}]},{"@type":"BreadcrumbList","@id":"https:\/\/www.cerc-mq.fr\/index.php\/les-missions-de-la-cerc\/#breadcrumb","itemListElement":[{"@type":"ListItem","position":1,"name":"Accueil","item":"https:\/\/www.cerc-mq.fr\/"},{"@type":"ListItem","position":2,"name":"Les missions de la CERC"}]},{"@type":"WebSite","@id":"https:\/\/www.cerc-mq.fr\/#website","url":"https:\/\/www.cerc-mq.fr\/","name":"Cerc Martinique","description":"Cellule \u00c9conomique R\u00e9gional de la Martinique","potentialAction":[{"@type":"SearchAction","target":{"@type":"EntryPoint","urlTemplate":"https:\/\/www.cerc-mq.fr\/?s={search_term_string}"},"query-input":{"@type":"PropertyValueSpecification","valueRequired":true,"valueName":"search_term_string"}}],"inLanguage":"fr-FR"}]}},"_links":{"self":[{"href":"https:\/\/www.cerc-mq.fr\/index.php\/wp-json\/wp\/v2\/pages\/8","targetHints":{"allow":["GET"]}}],"collection":[{"href":"https:\/\/www.cerc-mq.fr\/index.php\/wp-json\/wp\/v2\/pages"}],"about":[{"href":"https:\/\/www.cerc-mq.fr\/index.php\/wp-json\/wp\/v2\/types\/page"}],"author":[{"embeddable":true,"href":"https:\/\/www.cerc-mq.fr\/index.php\/wp-json\/wp\/v2\/users\/1"}],"replies":[{"embeddable":true,"href":"https:\/\/www.cerc-mq.fr\/index.php\/wp-json\/wp\/v2\/comments?post=8"}],"version-history":[{"count":0,"href":"https:\/\/www.cerc-mq.fr\/index.php\/wp-json\/wp\/v2\/pages\/8\/revisions"}],"wp:attachment":[{"href":"https:\/\/www.cerc-mq.fr\/index.php\/wp-json\/wp\/v2\/media?parent=8"}],"curies":[{"name":"wp","href":"https:\/\/api.w.org\/{rel}","templated":true}]}}