{"id":7,"date":"2019-03-03T17:14:24","date_gmt":"2019-03-03T16:14:24","guid":{"rendered":"http:\/\/www.cerc-martinique.fr\/?page_id=3"},"modified":"2019-03-03T17:14:24","modified_gmt":"2019-03-03T16:14:24","slug":"mentions-legales","status":"publish","type":"page","link":"https:\/\/www.cerc-mq.fr\/index.php\/mentions-legales\/","title":{"rendered":"Mentions L\u00e9gales"},"content":{"rendered":"<div id=\"mentions_legales\" class=\"pages container\">\n<div class=\"\">\n<p class=\"h2\">D\u00e9signation du site<\/p>\n<p class=\"\"><b>Nom du site<\/b> : <a href=\"https:\/\/www.cerc-martinique.fr\">www.cerc-martinique.fr<\/a><\/p>\n<p class=\"\">Site internet de la CERC Martinique<\/p>\n\n<\/div>\n<div class=\"\">\n<p class=\"h2\">Editeur<\/p>\n<p class=\"\">Site internet r\u00e9alis\u00e9 par <a href=\"https:\/\/digital-creative-agency.fr\/\" target=\"_BLANK\" rel=\"noopener noreferrer\">Digital Creative Agency<\/a><\/p>\n<p class=\"\"><b>H\u00e9bergement du site internet<\/b> : OVH<\/p>\n\n<\/div>\n<div class=\"\">\n<p class=\"h2\">Responsable \u00e9ditorial<\/p>\n<p class=\"\"><b>CERC de Martinique<\/b><\/p>\n\n<\/div>\n<div class=\"\">\n<p class=\"h2\">Raison sociale<\/p>\n<p class=\"\"><b>CERC de Martinique<\/b><\/p>\n<p class=\"\"><b>Adresse<\/b> :13 Lotissement Bardinet &#8211; 97200 FORT-DE-FRANCE<\/p>\n<p class=\"\"><b>T\u00e9l\u00e9phone<\/b> : 05 96 75 80 09<\/p>\n<p class=\"\">La CERC de Martinique ne pourra \u00eatre tenue pour responsable de tout dommage direct et\/ou indirect r\u00e9sultant de l&rsquo;utilisation faite par le client du site et\/ou de toute information qu&rsquo;il contient. Le site internet cerc-martinique.fr peut renvoyer l&rsquo;utilisateur \u00e0 d&rsquo;autres sites internet par le biais de liens hypertexte. En tout \u00e9tat de cause, la CERC de Martinique ne saurait \u00eatre tenue pour responsable du contenu de ces sites, lesquels rel\u00e8vent de l&rsquo;enti\u00e8re responsabilit\u00e9 de leurs titulaires.<\/p>\n<p class=\"\">Le contenu du pr\u00e9sent site rel\u00e8ve de la l\u00e9gislation fran\u00e7aise et internationale sur le droit d&rsquo;auteur et la propri\u00e9t\u00e9 intellectuelle. Ainsi, il est interdit de r\u00e9utiliser ou de reproduire le contenu du site incluant les textes, le design, les photos et autres ressources iconographiques qui restent la propri\u00e9t\u00e9 de l&rsquo;auteur.<\/p>\n<p class=\"\">Aucune information personnelle n&rsquo;est collect\u00e9e \u00e0 votre insu et ne sera c\u00e9d\u00e9e \u00e0 un tiers. Les donn\u00e9es personnelles recueillies sur le site r\u00e9sultent de la communication volontaire d&rsquo;informations via les emails envoy\u00e9s. Ces donn\u00e9es sont exclusivement collect\u00e9es pour un usage interne. Conform\u00e9ment \u00e0 la loi du 6 janvier 1978 relative \u00e0 l&rsquo;informatique, aux fichiers et aux libert\u00e9s, vous disposez d&rsquo;un droit d&rsquo;acc\u00e8s, de modification, de rectification et de suppression des donn\u00e9es vous concernant. Pour l&rsquo;exercer, contactez-nous.<\/p>\n\n<\/div>\n<\/div>","protected":false},"excerpt":{"rendered":"<p>D\u00e9signation du site Nom du site : www.cerc-martinique.fr Site internet de la CERC Martinique Editeur Site internet r\u00e9alis\u00e9 par Digital Creative Agency H\u00e9bergement du site internet : OVH Responsable \u00e9ditorial CERC de Martinique Raison sociale CERC de Martinique Adresse :13 Lotissement Bardinet &#8211; 97200 FORT-DE-FRANCE T\u00e9l\u00e9phone : 05 96 75 80 09 La CERC de [&hellip;]<\/p>\n","protected":false},"author":1,"featured_media":0,"parent":0,"menu_order":0,"comment_status":"closed","ping_status":"open","template":"page-full-width.php","meta":{"footnotes":""},"class_list":["post-7","page","type-page","status-publish","hentry"],"yoast_head":"<!-- This site is optimized with the Yoast SEO plugin v24.0 - https:\/\/yoast.com\/wordpress\/plugins\/seo\/ -->\n<title>Mentions L\u00e9gales - Cerc Martinique<\/title>\n<meta name=\"robots\" content=\"index, follow, max-snippet:-1, max-image-preview:large, max-video-preview:-1\" \/>\n<link rel=\"canonical\" href=\"https:\/\/www.cerc-mq.fr\/index.php\/mentions-legales\/\" \/>\n<meta property=\"og:locale\" content=\"fr_FR\" \/>\n<meta property=\"og:type\" content=\"article\" \/>\n<meta property=\"og:title\" content=\"Mentions L\u00e9gales - Cerc Martinique\" \/>\n<meta property=\"og:description\" content=\"D\u00e9signation du site Nom du site : www.cerc-martinique.fr Site internet de la CERC Martinique Editeur Site internet r\u00e9alis\u00e9 par Digital Creative Agency H\u00e9bergement du site internet : OVH Responsable \u00e9ditorial CERC de Martinique Raison sociale CERC de Martinique Adresse :13 Lotissement Bardinet - 97200 FORT-DE-FRANCE T\u00e9l\u00e9phone : 05 96 75 80 09 La CERC de [&hellip;]\" \/>\n<meta property=\"og:url\" content=\"https:\/\/www.cerc-mq.fr\/index.php\/mentions-legales\/\" \/>\n<meta property=\"og:site_name\" content=\"Cerc Martinique\" \/>\n<meta name=\"twitter:card\" content=\"summary_large_image\" \/>\n<meta name=\"twitter:label1\" content=\"Dur\u00e9e de lecture estim\u00e9e\" \/>\n\t<meta name=\"twitter:data1\" content=\"1 minute\" \/>\n<script type=\"application\/ld+json\" class=\"yoast-schema-graph\">{\"@context\":\"https:\/\/schema.org\",\"@graph\":[{\"@type\":\"WebPage\",\"@id\":\"https:\/\/www.cerc-mq.fr\/index.php\/mentions-legales\/\",\"url\":\"https:\/\/www.cerc-mq.fr\/index.php\/mentions-legales\/\",\"name\":\"Mentions L\u00e9gales - Cerc Martinique\",\"isPartOf\":{\"@id\":\"https:\/\/www.cerc-mq.fr\/#website\"},\"datePublished\":\"2019-03-03T16:14:24+00:00\",\"dateModified\":\"2019-03-03T16:14:24+00:00\",\"breadcrumb\":{\"@id\":\"https:\/\/www.cerc-mq.fr\/index.php\/mentions-legales\/#breadcrumb\"},\"inLanguage\":\"fr-FR\",\"potentialAction\":[{\"@type\":\"ReadAction\",\"target\":[\"https:\/\/www.cerc-mq.fr\/index.php\/mentions-legales\/\"]}]},{\"@type\":\"BreadcrumbList\",\"@id\":\"https:\/\/www.cerc-mq.fr\/index.php\/mentions-legales\/#breadcrumb\",\"itemListElement\":[{\"@type\":\"ListItem\",\"position\":1,\"name\":\"Accueil\",\"item\":\"https:\/\/www.cerc-mq.fr\/\"},{\"@type\":\"ListItem\",\"position\":2,\"name\":\"Mentions L\u00e9gales\"}]},{\"@type\":\"WebSite\",\"@id\":\"https:\/\/www.cerc-mq.fr\/#website\",\"url\":\"https:\/\/www.cerc-mq.fr\/\",\"name\":\"Cerc Martinique\",\"description\":\"Cellule \u00c9conomique R\u00e9gional de la Martinique\",\"potentialAction\":[{\"@type\":\"SearchAction\",\"target\":{\"@type\":\"EntryPoint\",\"urlTemplate\":\"https:\/\/www.cerc-mq.fr\/?s={search_term_string}\"},\"query-input\":{\"@type\":\"PropertyValueSpecification\",\"valueRequired\":true,\"valueName\":\"search_term_string\"}}],\"inLanguage\":\"fr-FR\"}]}<\/script>\n<!-- \/ Yoast SEO plugin. -->","yoast_head_json":{"title":"Mentions L\u00e9gales - Cerc Martinique","robots":{"index":"index","follow":"follow","max-snippet":"max-snippet:-1","max-image-preview":"max-image-preview:large","max-video-preview":"max-video-preview:-1"},"canonical":"https:\/\/www.cerc-mq.fr\/index.php\/mentions-legales\/","og_locale":"fr_FR","og_type":"article","og_title":"Mentions L\u00e9gales - Cerc Martinique","og_description":"D\u00e9signation du site Nom du site : www.cerc-martinique.fr Site internet de la CERC Martinique Editeur Site internet r\u00e9alis\u00e9 par Digital Creative Agency H\u00e9bergement du site internet : OVH Responsable \u00e9ditorial CERC de Martinique Raison sociale CERC de Martinique Adresse :13 Lotissement Bardinet - 97200 FORT-DE-FRANCE T\u00e9l\u00e9phone : 05 96 75 80 09 La CERC de [&hellip;]","og_url":"https:\/\/www.cerc-mq.fr\/index.php\/mentions-legales\/","og_site_name":"Cerc Martinique","twitter_card":"summary_large_image","twitter_misc":{"Dur\u00e9e de lecture estim\u00e9e":"1 minute"},"schema":{"@context":"https:\/\/schema.org","@graph":[{"@type":"WebPage","@id":"https:\/\/www.cerc-mq.fr\/index.php\/mentions-legales\/","url":"https:\/\/www.cerc-mq.fr\/index.php\/mentions-legales\/","name":"Mentions L\u00e9gales - Cerc Martinique","isPartOf":{"@id":"https:\/\/www.cerc-mq.fr\/#website"},"datePublished":"2019-03-03T16:14:24+00:00","dateModified":"2019-03-03T16:14:24+00:00","breadcrumb":{"@id":"https:\/\/www.cerc-mq.fr\/index.php\/mentions-legales\/#breadcrumb"},"inLanguage":"fr-FR","potentialAction":[{"@type":"ReadAction","target":["https:\/\/www.cerc-mq.fr\/index.php\/mentions-legales\/"]}]},{"@type":"BreadcrumbList","@id":"https:\/\/www.cerc-mq.fr\/index.php\/mentions-legales\/#breadcrumb","itemListElement":[{"@type":"ListItem","position":1,"name":"Accueil","item":"https:\/\/www.cerc-mq.fr\/"},{"@type":"ListItem","position":2,"name":"Mentions L\u00e9gales"}]},{"@type":"WebSite","@id":"https:\/\/www.cerc-mq.fr\/#website","url":"https:\/\/www.cerc-mq.fr\/","name":"Cerc Martinique","description":"Cellule \u00c9conomique R\u00e9gional de la Martinique","potentialAction":[{"@type":"SearchAction","target":{"@type":"EntryPoint","urlTemplate":"https:\/\/www.cerc-mq.fr\/?s={search_term_string}"},"query-input":{"@type":"PropertyValueSpecification","valueRequired":true,"valueName":"search_term_string"}}],"inLanguage":"fr-FR"}]}},"_links":{"self":[{"href":"https:\/\/www.cerc-mq.fr\/index.php\/wp-json\/wp\/v2\/pages\/7","targetHints":{"allow":["GET"]}}],"collection":[{"href":"https:\/\/www.cerc-mq.fr\/index.php\/wp-json\/wp\/v2\/pages"}],"about":[{"href":"https:\/\/www.cerc-mq.fr\/index.php\/wp-json\/wp\/v2\/types\/page"}],"author":[{"embeddable":true,"href":"https:\/\/www.cerc-mq.fr\/index.php\/wp-json\/wp\/v2\/users\/1"}],"replies":[{"embeddable":true,"href":"https:\/\/www.cerc-mq.fr\/index.php\/wp-json\/wp\/v2\/comments?post=7"}],"version-history":[{"count":0,"href":"https:\/\/www.cerc-mq.fr\/index.php\/wp-json\/wp\/v2\/pages\/7\/revisions"}],"wp:attachment":[{"href":"https:\/\/www.cerc-mq.fr\/index.php\/wp-json\/wp\/v2\/media?parent=7"}],"curies":[{"name":"wp","href":"https:\/\/api.w.org\/{rel}","templated":true}]}}