{"id":20,"date":"2019-03-21T12:12:09","date_gmt":"2019-03-21T16:12:09","guid":{"rendered":"https:\/\/www.cerc-martinique.fr\/?page_id=20"},"modified":"2019-03-21T12:12:09","modified_gmt":"2019-03-21T16:12:09","slug":"le-reseau","status":"publish","type":"page","link":"https:\/\/www.cerc-mq.fr\/index.php\/le-reseau\/","title":{"rendered":"Le r\u00e9seau"},"content":{"rendered":"<div id=\"reseau\" class=\"pages \">\n    <div class=\"page_content\">\n        <div class=\"container\">\n            <div class=\"clearfix intro\">\n                <div class=\"col-md-12\">\n                    <p class=\"text-center\"><b>En 2021, 17 CERC sont pr\u00e9sentes sur le territoire fran\u00e7ais (dans les 13 r\u00e9gions m\u00e9tropolitaines et dans 4 DROM : Guadeloupe, Guyane, Martinique, R\u00e9union). Le R\u00e9seau des CERC, devenu un Groupement d\u2019Int\u00e9r\u00eat Economique (GIE) en 2013, pilote et coordonne le r\u00e9seau national des CERC.<\/b><\/p>\n\n                <\/div>\n            <\/div>\n            <div class=\"clearfix map_reseau\">\n                <div class=\"illus col-md-6\"><img loading=\"lazy\" decoding=\"async\" src=\"https:\/\/www.cerc-martinique.fr\/wp-content\/uploads\/2021\/10\/carte-cerc-2021-300x276.jpeg\" alt=\"\" width=\"300\" height=\"276\" class=\"alignnone size-medium wp-image-8599\" \/><\/div>\n                <div class=\"col-md-6\">\n                    <div class=\"table-container\">\n                        <div class=\"table-content pt-3\">\n                            <p class=\"\">Une Charte sign\u00e9e entre l\u2019Etat et les organisations professionnelles nationales fixe les objectifs, les missions et les moyens de fonctionnement des cellules r\u00e9gionales, tout en r\u00e9affirmant leur ind\u00e9pendance.<\/p>\n                            <p class=\"\">La strat\u00e9gie du R\u00e9seau permet de disposer, au travers des CERC, d\u2019une v\u00e9ritable vision \u00e0 long terme de la fili\u00e8re de la Construction, au plan national comme local, en assurant la coh\u00e9rence entre les \u00e9chelons.<\/p>\n                            <p class=\"\">Afin d\u2019agr\u00e9ger toute la richesse des expertises locales et disposer d\u2019analyses de qualit\u00e9, le R\u00e9seau propose aux cellules r\u00e9gionales le partage et la mise \u00e0 disposition d\u2019outils et de m\u00e9thodologies communes, ou encore la diffusion et la valorisation des productions des CERC.<\/p>\n\n                            <div class=\"text-center pt-2 mt-2\"><a title=\"reseau cerc\" href=\"http:\/\/www.cerc-actu.com\/\" target=\"_blank\" rel=\"noopener noreferrer\"><img loading=\"lazy\" decoding=\"async\" class=\"alignnone wp-image-239 size-medium\" src=\"https:\/\/www.cerc-martinique.fr\/wp-content\/uploads\/2019\/03\/Logo_Reseau_CERC-gris-300x119.png\" alt=\"\" width=\"300\" height=\"119\" \/><\/a><\/div>\n                        <\/div>\n                    <\/div>\n                <\/div>\n            <\/div>\n        <\/div>\n        <div class=\" reseau_cerc bgd_light_blue pt-3\">\n            <div class=\"container\">\n                <div class=\"clearfix\">\n                    <div class=\"col-lg-3 col-xs-12\">\n                        <div>\n                            <h3 class=\"text-center\">CERC Auvergne-Rh\u00f4ne-Alpes<\/h3>\n                            <p class=\"\">55, avenue Galline<\/p>\n                            <p class=\"\">69100 Villeurbanne<\/p>\n                            <p class=\"\">T\u00e9l : 04 72 61 06 30<\/p>\n                            <p class=\"\"><a title=\"email\" href=\"mailto:contact@cercara.fr\">contact@cercara.fr<\/a><\/p>\n                            <p class=\"\"><a title=\"site web\" href=\"http:\/\/www.cellule-eco-rhone-alpes.asso.fr\" target=\"_blank\" rel=\"noopener noreferrer\">http:\/\/www.cellule-eco-rhone-alpes.asso.fr<\/a><\/p>\n\n                        <\/div>\n                    <\/div>\n                    <div class=\"col-lg-3 col-xs-12\">\n                        <div>\n                            <h3 class=\"text-center\">CERC Bourgogne-France-Comt\u00e9<\/h3>\n                            <p class=\"\">3 rue Ren\u00e9 Char<\/p>\n                            <p class=\"\">21000 Dijon<\/p>\n                            <p class=\"\">T\u00e9l: 03 81 41 16 12<\/p>\n                            <p class=\"\"><a title=\"email\" href=\"mailto:cercbfc@gmail.com\">cercbfc@gmail.com<\/a><\/p>\n                            <p class=\"\"><a title=\"site web\" href=\"http:\/\/www.cerc-actu.com\" target=\"_blank\" rel=\"noopener noreferrer\">http:\/\/www.cerc-actu.com<\/a><\/p>\n\n                        <\/div>\n                    <\/div>\n                    <div class=\"col-lg-3 col-xs-12\">\n                        <div>\n                            <h3 class=\"text-center\">CERC Bretagne<\/h3>\n                            <p class=\"\">7, boulevard Solf\u00e9rino<\/p>\n                            <p class=\"\">35000 Rennes<\/p>\n                            <p class=\"\">T\u00e9l: 02 99 30 23 51<\/p>\n                            <p class=\"\"><a title=\"email\" href=\"mailto:contact@cellule-eco-bretagne.asso.fr\">contact@cellule-eco-bretagne.asso.fr<\/a><\/p>\n                            <p class=\"\"><a title=\"site web\" href=\"http:\/\/www.cellule-eco-bretagne.asso.fr\" target=\"_blank\" rel=\"noopener noreferrer\">http:\/\/www.cellule-eco-bretagne.asso.fr<\/a><\/p>\n\n                        <\/div>\n                    <\/div>\n                    <div class=\"col-lg-3 col-xs-12\">\n                        <div>\n                            <h3 class=\"text-center\">CERC Centre-Val de Loire<\/h3>\n                            <p class=\"\">BP 22216<\/p>\n                            <p class=\"\">45162 Olivet Cedex<\/p>\n                            <p class=\"\">T\u00e9l: 02 36 17 46 11<\/p>\n                            <p class=\"\"><a title=\"email\" href=\"mailto:cerbtpcentre@gmail.com\">cerbtpcentre@gmail.com<\/a><\/p>\n                            <p class=\"\"><a title=\"site web\" href=\"http:\/\/www.cerbtp-centre.asso.fr\" target=\"_blank\" rel=\"noopener noreferrer\">http:\/\/www.cerbtp-centre.asso.fr<\/a><\/p>\n\n                        <\/div>\n                    <\/div>\n                    <div class=\"col-lg-3 col-xs-12\">\n                        <div>\n                            <h3 class=\"text-center\">CERC Corse<\/h3>\n                            <p class=\"\">19, cours Napol\u00e9on<\/p>\n                            <p class=\"\">CS 10006<\/p>\n                            <p class=\"\">20704 Ajaccio Cedex 9<\/p>\n                            <p class=\"\"><a title=\"email\" href=\"mailto:cereccorse@gmail.com\">cereccorse@gmail.com<\/a><\/p>\n                            <p class=\"\"><a title=\"site web\" href=\"http:\/\/www.cerec-btp.org\" target=\"_blank\" rel=\"noopener noreferrer\">http:\/\/www.cerec-btp.org<\/a><\/p>\n\n                        <\/div>\n                    <\/div>\n                    <div class=\"col-lg-3 col-xs-12\">\n                        <div>\n                            <h3 class=\"text-center\">CERC Grand Est<\/h3>\n                            <p class=\"\">2, rue Augustin Fresnel<\/p>\n                            <p class=\"\">GreenPark &#8211; BP 95038<\/p>\n                            <p class=\"\">T\u00e9l : 03 87 62 81 44<\/p>\n                            <p class=\"\">57071 Metz Cedex 3<\/p>\n                            <p class=\"\"><a title=\"email\" href=\"mailto:contact.cerc@i-carre.net\">contact.cerc@i-carre.net<\/a><\/p>\n                            <p class=\"\"><a title=\"site web\" href=\"http:\/\/www.cereco.net\" target=\"_blank\" rel=\"noopener noreferrer\">http:\/\/www.cereco.net<\/a><\/p>\n                        <\/div>\n                    <\/div>\n                    <div class=\"col-lg-3 col-xs-12\">\n                        <div>\n                            <h3 class=\"text-center\">CERC Guadeloupe<\/h3>\n                            <p class=\"\">impasse Emile Dessout &#8211; Jarry<\/p>\n                            <p class=\"\"><\/p>\n                            <p class=\"\">97122 BAIE-MAHAULT<\/p>\n                            <p class=\"\">T\u00e9l : 05 90 32 12 09<\/p>\n                            <p class=\"\"><a title=\"email\" href=\"mailto:contact@cerc-guadeloupe.fr\">contact@cerc-guadeloupe.fr<\/a><\/p>\n<!--                            <p class=\"\"><a title=\"site web\" href=\"http:\/\/www.cercguyane.gf\" target=\"_blank\" rel=\"noopener noreferrer\">http:\/\/www.cercguyane.gf<\/a><\/p>-->\n                        <\/div>\n                    <\/div>\n                    <div class=\"col-lg-3 col-xs-12\">\n                        <div>\n                            <h3 class=\"text-center\">CERC Guyane<\/h3>\n                            <p class=\"\">Rocade de Baduel<\/p>\n                            <p class=\"\">BP 842<\/p>\n                            <p class=\"\">97336 Cayenne Cedex<\/p>\n                            <p class=\"\">T\u00e9l : 05 94 38 56 88<\/p>\n                            <p class=\"\"><a title=\"email\" href=\"mailto:contact@cercguyane.gf\">contact@cercguyane.gf<\/a><\/p>\n                            <p class=\"\"><a title=\"site web\" href=\"http:\/\/www.cercguyane.gf\" target=\"_blank\" rel=\"noopener noreferrer\">http:\/\/www.cercguyane.gf<\/a><\/p>\n\n                        <\/div>\n                    <\/div>\n                    <div class=\"col-lg-3 col-xs-12\">\n                        <div>\n                            <h3 class=\"text-center\">CERC Hauts-de-France<\/h3>\n                            <p class=\"\">44, rue de Tournai<\/p>\n                            <p class=\"\">CS 40259<\/p>\n                            <p class=\"\">59019 Lille Cedex<\/p>\n                            <p class=\"\">T\u00e9l : 03 20 40 53 39<\/p>\n                            <p class=\"\"><a title=\"email\" href=\"mailto:cerc.hauts-de-france@i-carre.net\">cerc.hauts-de-france@i-carre.net<\/a><\/p>\n                            <p class=\"\"><a title=\"site web\" href=\"http:\/\/cercnordpasdecalais.fr\" target=\"_blank\" rel=\"noopener noreferrer\">http:\/\/cercnordpasdecalais.fr<\/a><\/p>\n\n                        <\/div>\n                    <\/div>\n                    <div class=\"col-lg-3 col-xs-12\">\n                        <div>\n                            <h3 class=\"text-center\">CERC Ile-de-France<\/h3>\n                            <p class=\"\">21-23, rue de Miollis<\/p>\n                            <p class=\"\">75732 Paris Cedex 15<\/p>\n                            <p class=\"\">T\u00e9l : 01 40 61 82 20<\/p>\n                            <p class=\"\"><a title=\"email\" href=\"mailto:cerc-idf@cerc-idf.fr\">cerc-idf@cerc-idf.fr<\/a><\/p>\n                            <p class=\"\"><a title=\"site web\" href=\"http:\/\/www.cerc-idf.fr\" target=\"_blank\" rel=\"noopener noreferrer\">http:\/\/www.cerc-idf.fr<\/a><\/p>\n\n                        <\/div>\n                    <\/div>\n                    <div class=\"col-lg-3 col-xs-12\">\n                        <div>\n                            <h3 class=\"text-center\">CERC Martinique<\/h3>\n                            <p class=\"\">13, lotissement Bardinet &#8211; CS 30100<\/p>\n                            <p class=\"\">La Maison du BTP<\/p>\n                            <p class=\"\">97200 Fort-de-France<\/p>\n                            <p class=\"\">T\u00e9l : 0596 75 80 09<\/p>\n                            <p class=\"\"><a title=\"email\" href=\"mailto:cerc.martinique@gmail.com\">cerc.martinique@gmail.com<\/a><\/p>\n                            <p class=\"\"><a title=\"site web\" href=\"http:\/\/www.cerc-martinique.fr\" target=\"_blank\" rel=\"noopener noreferrer\">http:\/\/www.cerc-martinique.fr<\/a><\/p>\n\n                        <\/div>\n                    <\/div>\n                    <div class=\"col-lg-3 col-xs-12\">\n                        <div>\n                            <h3 class=\"text-center\">CERC Normandie<\/h3>\n                            <p class=\"\">8, rue Saint-Nicolas<\/p>\n                            <p class=\"\">CS 65446<\/p>\n                            <p class=\"\">14054 Caen Cedex 04<\/p>\n                            <p class=\"\">T\u00e9l : 02 31 85 44 71<\/p>\n                            <p class=\"\"><a title=\"email\" href=\"mailto:contact@cerc-normandie.fr\">contact@cerc-normandie.fr<\/a><\/p>\n                            <p class=\"\"><a title=\"site web\" href=\"http:\/\/www.cerc-normandie.fr\" target=\"_blank\" rel=\"noopener noreferrer\">http:\/\/www.cerc-normandie.fr<\/a><\/p>\n\n                        <\/div>\n                    <\/div>\n                    <div class=\"col-lg-3 col-xs-12\">\n                        <div>\n                            <h3 class=\"text-center\">CERC Nouvelle-Aquitaine<\/h3>\n                            <p class=\"\">6, all\u00e9e Duke Ellington<\/p>\n                            <p class=\"\">BP 10009<\/p>\n                            <p class=\"\">87067 Limoges Cedex 3<\/p>\n                            <p class=\"\">T\u00e9l : 05 55 11 21 50<\/p>\n                            <p class=\"\"><a title=\"email\" href=\"mailto:nouvelle-aquitaine@cerc-na.fr\">nouvelle-aquitaine@cerc-na.fr<\/a><\/p>\n                            <p class=\"\"><a title=\"site web\" href=\"http:\/\/www.cerc-na.fr\" target=\"_blank\" rel=\"noopener noreferrer\">http:\/\/www.cerc-na.fr<\/a><\/p>\n\n                        <\/div>\n                    <\/div>\n                    <div class=\"col-lg-3 col-xs-12\">\n                        <div>\n                            <h3 class=\"text-center\">CERC Occitanie<\/h3>\n                            <p class=\"\">1, rue de la Cit\u00e9 administrative<\/p>\n                            <p class=\"\">CS 80002<\/p>\n                            <p class=\"\">31074 Toulouse Cedex 9<\/p>\n                            <p class=\"\">T\u00e9l : 05 61 58 65 42<\/p>\n                            <p class=\"\"><a title=\"email\" href=\"mailto:cerc-occitanie@i-carre.net\">cerc-occitanie@i-carre.net<\/a><\/p>\n                            <p class=\"\"><a title=\"site web\" href=\"http:\/\/www.cercoccitanie.fr\" target=\"_blank\" rel=\"noopener noreferrer\">http:\/\/www.cercoccitanie.fr<\/a><\/p>\n\n                        <\/div>\n                    <\/div>\n                    <div class=\"col-lg-3 col-xs-12\">\n                        <div>\n                            <h3 class=\"text-center\">CERC Pays de la Loire<\/h3>\n                            <p class=\"\">10, boulevard Gaston Serpette<\/p>\n                            <p class=\"\">BP 23 202<\/p>\n                            <p class=\"\">44032 Nantes Cedex 1<\/p>\n                            <p class=\"\">T\u00e9l : 02 51 17 65 54<\/p>\n                            <p class=\"\"><a title=\"email\" href=\"mailto:contact@cerc-paysdelaloire.fr\">contact@cerc-paysdelaloire.fr<\/a><\/p>\n                            <p class=\"\"><a title=\"site web\" href=\"http:\/\/www.cerc-paysdelaloire.fr\" target=\"_blank\" rel=\"noopener noreferrer\">http:\/\/www.cerc-paysdelaloire.fr<\/a><\/p>\n\n                        <\/div>\n                    <\/div>\n                    <div class=\"col-lg-3 col-xs-12\">\n                        <div>\n                            <h3 class=\"text-center\">CERC Provence-Alpes-C\u00f4te d&rsquo;Azur<\/h3>\n                            <p class=\"\">36, boulevard des Dames<\/p>\n                            <p class=\"\">13002 Marseille<\/p>\n                            <p class=\"\">T\u00e9l : 04 88 22 66 50<\/p>\n                            <p class=\"\"><a title=\"email\" href=\"mailto:cerc.paca@i-carre.net\">cerc.paca@i-carre.net<\/a><\/p>\n                            <p class=\"\"><a title=\"site web\" href=\"http:\/\/www.cerc-paca.fr\" target=\"_blank\" rel=\"noopener noreferrer\">http:\/\/www.cerc-paca.fr<\/a><\/p>\n                        <\/div>\n                    <\/div>\n                    <div class=\"col-lg-3 col-xs-12\">\n                        <div>\n                            <h3 class=\"text-center\">CERC R\u00e9union<\/h3>\n                            <p class=\"\">2, rue Juliette Dodu<\/p>\n                            <p class=\"\">CS 41009<\/p>\n                            <p class=\"\">97743 Saint Denis Cedex 9<\/p>\n                            <p class=\"\">T\u00e9l : 02 62 40 28 16<\/p>\n                            <p class=\"\"><a title=\"email\" href=\"mailto:cerbtp@i-carre.net\">cerbtp@i-carre.net<\/a><\/p>\n                            <p class=\"\"><a title=\"site web\" href=\"http:\/\/www.btp-reunion.net\" target=\"_blank\" rel=\"noopener noreferrer\">http:\/\/www.btp-reunion.net<\/a><\/p>\n                        <\/div>\n                    <\/div>\n                <\/div>\n            <\/div>\n        <\/div>\n    <\/div>\n<\/div>","protected":false},"excerpt":{"rendered":"<p>En 2021, 17 CERC sont pr\u00e9sentes sur le territoire fran\u00e7ais (dans les 13 r\u00e9gions m\u00e9tropolitaines et dans 4 DROM : Guadeloupe, Guyane, Martinique, R\u00e9union). Le R\u00e9seau des CERC, devenu un Groupement d\u2019Int\u00e9r\u00eat Economique (GIE) en 2013, pilote et coordonne le r\u00e9seau national des CERC. Une Charte sign\u00e9e entre l\u2019Etat et les organisations professionnelles nationales fixe [&hellip;]<\/p>\n","protected":false},"author":1,"featured_media":0,"parent":0,"menu_order":3,"comment_status":"closed","ping_status":"closed","template":"page-full-width.php","meta":{"footnotes":""},"class_list":["post-20","page","type-page","status-publish","hentry"],"yoast_head":"<!-- This site is optimized with the Yoast SEO plugin v24.0 - https:\/\/yoast.com\/wordpress\/plugins\/seo\/ -->\n<title>Le r\u00e9seau - Cerc Martinique<\/title>\n<meta name=\"robots\" content=\"index, follow, max-snippet:-1, max-image-preview:large, max-video-preview:-1\" \/>\n<link rel=\"canonical\" href=\"https:\/\/www.cerc-mq.fr\/index.php\/le-reseau\/\" \/>\n<meta property=\"og:locale\" content=\"fr_FR\" \/>\n<meta property=\"og:type\" content=\"article\" \/>\n<meta property=\"og:title\" content=\"Le r\u00e9seau - Cerc Martinique\" \/>\n<meta property=\"og:description\" content=\"En 2021, 17 CERC sont pr\u00e9sentes sur le territoire fran\u00e7ais (dans les 13 r\u00e9gions m\u00e9tropolitaines et dans 4 DROM : Guadeloupe, Guyane, Martinique, R\u00e9union). Le R\u00e9seau des CERC, devenu un Groupement d\u2019Int\u00e9r\u00eat Economique (GIE) en 2013, pilote et coordonne le r\u00e9seau national des CERC. Une Charte sign\u00e9e entre l\u2019Etat et les organisations professionnelles nationales fixe [&hellip;]\" \/>\n<meta property=\"og:url\" content=\"https:\/\/www.cerc-mq.fr\/index.php\/le-reseau\/\" \/>\n<meta property=\"og:site_name\" content=\"Cerc Martinique\" \/>\n<meta property=\"og:image\" content=\"https:\/\/www.cerc-martinique.fr\/wp-content\/uploads\/2021\/10\/carte-cerc-2021-300x276.jpeg\" \/>\n<meta name=\"twitter:card\" content=\"summary_large_image\" \/>\n<meta name=\"twitter:label1\" content=\"Dur\u00e9e de lecture estim\u00e9e\" \/>\n\t<meta name=\"twitter:data1\" content=\"3 minutes\" \/>\n<script type=\"application\/ld+json\" class=\"yoast-schema-graph\">{\"@context\":\"https:\/\/schema.org\",\"@graph\":[{\"@type\":\"WebPage\",\"@id\":\"https:\/\/www.cerc-mq.fr\/index.php\/le-reseau\/\",\"url\":\"https:\/\/www.cerc-mq.fr\/index.php\/le-reseau\/\",\"name\":\"Le r\u00e9seau - Cerc Martinique\",\"isPartOf\":{\"@id\":\"https:\/\/www.cerc-mq.fr\/#website\"},\"primaryImageOfPage\":{\"@id\":\"https:\/\/www.cerc-mq.fr\/index.php\/le-reseau\/#primaryimage\"},\"image\":{\"@id\":\"https:\/\/www.cerc-mq.fr\/index.php\/le-reseau\/#primaryimage\"},\"thumbnailUrl\":\"https:\/\/www.cerc-martinique.fr\/wp-content\/uploads\/2021\/10\/carte-cerc-2021-300x276.jpeg\",\"datePublished\":\"2019-03-21T16:12:09+00:00\",\"dateModified\":\"2019-03-21T16:12:09+00:00\",\"breadcrumb\":{\"@id\":\"https:\/\/www.cerc-mq.fr\/index.php\/le-reseau\/#breadcrumb\"},\"inLanguage\":\"fr-FR\",\"potentialAction\":[{\"@type\":\"ReadAction\",\"target\":[\"https:\/\/www.cerc-mq.fr\/index.php\/le-reseau\/\"]}]},{\"@type\":\"ImageObject\",\"inLanguage\":\"fr-FR\",\"@id\":\"https:\/\/www.cerc-mq.fr\/index.php\/le-reseau\/#primaryimage\",\"url\":\"https:\/\/www.cerc-martinique.fr\/wp-content\/uploads\/2021\/10\/carte-cerc-2021-300x276.jpeg\",\"contentUrl\":\"https:\/\/www.cerc-martinique.fr\/wp-content\/uploads\/2021\/10\/carte-cerc-2021-300x276.jpeg\"},{\"@type\":\"BreadcrumbList\",\"@id\":\"https:\/\/www.cerc-mq.fr\/index.php\/le-reseau\/#breadcrumb\",\"itemListElement\":[{\"@type\":\"ListItem\",\"position\":1,\"name\":\"Accueil\",\"item\":\"https:\/\/www.cerc-mq.fr\/\"},{\"@type\":\"ListItem\",\"position\":2,\"name\":\"Le r\u00e9seau\"}]},{\"@type\":\"WebSite\",\"@id\":\"https:\/\/www.cerc-mq.fr\/#website\",\"url\":\"https:\/\/www.cerc-mq.fr\/\",\"name\":\"Cerc Martinique\",\"description\":\"Cellule \u00c9conomique R\u00e9gional de la Martinique\",\"potentialAction\":[{\"@type\":\"SearchAction\",\"target\":{\"@type\":\"EntryPoint\",\"urlTemplate\":\"https:\/\/www.cerc-mq.fr\/?s={search_term_string}\"},\"query-input\":{\"@type\":\"PropertyValueSpecification\",\"valueRequired\":true,\"valueName\":\"search_term_string\"}}],\"inLanguage\":\"fr-FR\"}]}<\/script>\n<!-- \/ Yoast SEO plugin. -->","yoast_head_json":{"title":"Le r\u00e9seau - Cerc Martinique","robots":{"index":"index","follow":"follow","max-snippet":"max-snippet:-1","max-image-preview":"max-image-preview:large","max-video-preview":"max-video-preview:-1"},"canonical":"https:\/\/www.cerc-mq.fr\/index.php\/le-reseau\/","og_locale":"fr_FR","og_type":"article","og_title":"Le r\u00e9seau - Cerc Martinique","og_description":"En 2021, 17 CERC sont pr\u00e9sentes sur le territoire fran\u00e7ais (dans les 13 r\u00e9gions m\u00e9tropolitaines et dans 4 DROM : Guadeloupe, Guyane, Martinique, R\u00e9union). Le R\u00e9seau des CERC, devenu un Groupement d\u2019Int\u00e9r\u00eat Economique (GIE) en 2013, pilote et coordonne le r\u00e9seau national des CERC. Une Charte sign\u00e9e entre l\u2019Etat et les organisations professionnelles nationales fixe [&hellip;]","og_url":"https:\/\/www.cerc-mq.fr\/index.php\/le-reseau\/","og_site_name":"Cerc Martinique","og_image":[{"url":"https:\/\/www.cerc-martinique.fr\/wp-content\/uploads\/2021\/10\/carte-cerc-2021-300x276.jpeg","type":"","width":"","height":""}],"twitter_card":"summary_large_image","twitter_misc":{"Dur\u00e9e de lecture estim\u00e9e":"3 minutes"},"schema":{"@context":"https:\/\/schema.org","@graph":[{"@type":"WebPage","@id":"https:\/\/www.cerc-mq.fr\/index.php\/le-reseau\/","url":"https:\/\/www.cerc-mq.fr\/index.php\/le-reseau\/","name":"Le r\u00e9seau - Cerc Martinique","isPartOf":{"@id":"https:\/\/www.cerc-mq.fr\/#website"},"primaryImageOfPage":{"@id":"https:\/\/www.cerc-mq.fr\/index.php\/le-reseau\/#primaryimage"},"image":{"@id":"https:\/\/www.cerc-mq.fr\/index.php\/le-reseau\/#primaryimage"},"thumbnailUrl":"https:\/\/www.cerc-martinique.fr\/wp-content\/uploads\/2021\/10\/carte-cerc-2021-300x276.jpeg","datePublished":"2019-03-21T16:12:09+00:00","dateModified":"2019-03-21T16:12:09+00:00","breadcrumb":{"@id":"https:\/\/www.cerc-mq.fr\/index.php\/le-reseau\/#breadcrumb"},"inLanguage":"fr-FR","potentialAction":[{"@type":"ReadAction","target":["https:\/\/www.cerc-mq.fr\/index.php\/le-reseau\/"]}]},{"@type":"ImageObject","inLanguage":"fr-FR","@id":"https:\/\/www.cerc-mq.fr\/index.php\/le-reseau\/#primaryimage","url":"https:\/\/www.cerc-martinique.fr\/wp-content\/uploads\/2021\/10\/carte-cerc-2021-300x276.jpeg","contentUrl":"https:\/\/www.cerc-martinique.fr\/wp-content\/uploads\/2021\/10\/carte-cerc-2021-300x276.jpeg"},{"@type":"BreadcrumbList","@id":"https:\/\/www.cerc-mq.fr\/index.php\/le-reseau\/#breadcrumb","itemListElement":[{"@type":"ListItem","position":1,"name":"Accueil","item":"https:\/\/www.cerc-mq.fr\/"},{"@type":"ListItem","position":2,"name":"Le r\u00e9seau"}]},{"@type":"WebSite","@id":"https:\/\/www.cerc-mq.fr\/#website","url":"https:\/\/www.cerc-mq.fr\/","name":"Cerc Martinique","description":"Cellule \u00c9conomique R\u00e9gional de la Martinique","potentialAction":[{"@type":"SearchAction","target":{"@type":"EntryPoint","urlTemplate":"https:\/\/www.cerc-mq.fr\/?s={search_term_string}"},"query-input":{"@type":"PropertyValueSpecification","valueRequired":true,"valueName":"search_term_string"}}],"inLanguage":"fr-FR"}]}},"_links":{"self":[{"href":"https:\/\/www.cerc-mq.fr\/index.php\/wp-json\/wp\/v2\/pages\/20","targetHints":{"allow":["GET"]}}],"collection":[{"href":"https:\/\/www.cerc-mq.fr\/index.php\/wp-json\/wp\/v2\/pages"}],"about":[{"href":"https:\/\/www.cerc-mq.fr\/index.php\/wp-json\/wp\/v2\/types\/page"}],"author":[{"embeddable":true,"href":"https:\/\/www.cerc-mq.fr\/index.php\/wp-json\/wp\/v2\/users\/1"}],"replies":[{"embeddable":true,"href":"https:\/\/www.cerc-mq.fr\/index.php\/wp-json\/wp\/v2\/comments?post=20"}],"version-history":[{"count":0,"href":"https:\/\/www.cerc-mq.fr\/index.php\/wp-json\/wp\/v2\/pages\/20\/revisions"}],"wp:attachment":[{"href":"https:\/\/www.cerc-mq.fr\/index.php\/wp-json\/wp\/v2\/media?parent=20"}],"curies":[{"name":"wp","href":"https:\/\/api.w.org\/{rel}","templated":true}]}}