{"id":16,"date":"2019-03-21T12:10:18","date_gmt":"2019-03-21T16:10:18","guid":{"rendered":"https:\/\/www.cerc-martinique.fr\/?page_id=16"},"modified":"2019-03-21T12:10:18","modified_gmt":"2019-03-21T16:10:18","slug":"les-membres","status":"publish","type":"page","link":"https:\/\/www.cerc-mq.fr\/index.php\/les-missions-de-la-cerc\/les-membres\/","title":{"rendered":"Les membres"},"content":{"rendered":"<div id=\"presentation\" class=\"pages container\">\n<div class=\"page_content\">\n<h2 class=\"h2\">Les membres fondateurs<\/h2>\n<ul>\n \t<li>L\u2019Association Martiniquaise pour la Promotion de l\u2019Industrie (AMPI)<\/li>\n \t<li>La Conf\u00e9d\u00e9ration des Artisans et des Petites Entreprises du B\u00e2timent (CAPEB Martinique)<\/li>\n \t<li>La Chambre Nationale des Artisans des Travaux Publics et Paysagistes (CNATP Martinique)<\/li>\n \t<li>La F\u00e9d\u00e9ration des M\u00e9tiers de la Construction de Martinique (FEMEC)<\/li>\n \t<li>Le Syndicat des Entrepreneurs en B\u00e2timent, Travaux publics et Activit\u00e9s Annexes de Martinique (SEBTPAM)<\/li>\n \t<li>La Voie Syndicale Martiniquaise du BTP (VSM BTP)<\/li>\n \t<li>La Direction de l\u2019Environnement, de l\u2019Am\u00e9nagement et du Logement de Martinique (DEAL)<\/li>\n<\/ul>\n<h2 class=\"h2\">Les membres de droit<\/h2>\n<ul>\n \t<li>La Chambre de Commerce et d\u2019Industrie de Martinique (CCIM)<\/li>\n \t<li>La Chambre de M\u00e9tiers et de l\u2019Artisanat de Martinique (CMA)<\/li>\n<li>La Collectivit\u00e9 Territoriale de Martinique (CTM)<\/li>\n \t<li>La Direction R\u00e9gionale des Finances Publiques (DRFIP)<\/li>\n \t<li>L\u2019Institut National de la Statistique et des Etudes Economiques (INSEE)<\/li>\n\n<\/ul>\n<\/div>\n<\/div>\n<div class=\"clearfix bgd_light_blue\"><div class=\"tcls-wrap\"><div id=\"tc-logo\" class=\"owl-carousel owl-theme\"><div class=\"item\"><a href=\"https:\/\/www.btpmartinique.fr\/\"><img decoding=\"async\" src=\"\" alt=\"\" \/><\/a><\/div><div class=\"item\"><a href=\"http:\/\/www.collectivitedemartinique.mq\"><img decoding=\"async\" src=\"https:\/\/www.cerc-mq.fr\/wp-content\/uploads\/2019\/03\/logo-ctm-160x90.webp\" alt=\"\" \/><\/a><\/div><div class=\"item\"><a href=\"http:\/\/cma-martinique.com\/\"><img decoding=\"async\" src=\"\" alt=\"\" \/><\/a><\/div><div class=\"item\"><a href=\"http:\/\/www.martinique.gouv.fr\/Services-de-l-Etat\/Finances-publiques-impots-et-douanes\/Direction-Regionale-des-Finances-Publiques-DRFIP\/DRFIP\"><img decoding=\"async\" src=\"\" alt=\"\" \/><\/a><\/div><div class=\"item\"><a href=\"http:\/\/www.martinique.cci.fr\/\"><img decoding=\"async\" src=\"\" alt=\"\" \/><\/a><\/div><div class=\"item\"><a href=\"https:\/\/www.insee.fr\/fr\/accueil\"><img decoding=\"async\" src=\"\" alt=\"\" \/><\/a><\/div><div class=\"item\"><a href=\"https:\/\/www.cnatp.org\/\"><img decoding=\"async\" src=\"\" alt=\"\" \/><\/a><\/div><div class=\"item\"><a href=\"http:\/\/www.capeb.fr\/\"><img decoding=\"async\" src=\"\" alt=\"\" \/><\/a><\/div><div class=\"item\"><a href=\"http:\/\/www.martinique.developpement-durable.gouv.fr\/\"><img decoding=\"async\" src=\"\" alt=\"\" \/><\/a><\/div><div class=\"item\"><a href=\"http:\/\/www.industriemartinique.com\/\"><img decoding=\"async\" src=\"\" alt=\"\" \/><\/a><\/div><\/div><\/div><\/div>","protected":false},"excerpt":{"rendered":"","protected":false},"author":1,"featured_media":0,"parent":8,"menu_order":2,"comment_status":"closed","ping_status":"closed","template":"page-full-width.php","meta":{"footnotes":""},"class_list":["post-16","page","type-page","status-publish","hentry"],"yoast_head":"<!-- This site is optimized with the Yoast SEO plugin v24.0 - https:\/\/yoast.com\/wordpress\/plugins\/seo\/ -->\n<title>Les membres - Cerc Martinique<\/title>\n<meta name=\"robots\" content=\"index, follow, max-snippet:-1, max-image-preview:large, max-video-preview:-1\" \/>\n<link rel=\"canonical\" href=\"https:\/\/www.cerc-mq.fr\/index.php\/les-missions-de-la-cerc\/les-membres\/\" \/>\n<meta property=\"og:locale\" content=\"fr_FR\" \/>\n<meta property=\"og:type\" content=\"article\" \/>\n<meta property=\"og:title\" content=\"Les membres - Cerc Martinique\" \/>\n<meta property=\"og:url\" content=\"https:\/\/www.cerc-mq.fr\/index.php\/les-missions-de-la-cerc\/les-membres\/\" \/>\n<meta property=\"og:site_name\" content=\"Cerc Martinique\" \/>\n<meta name=\"twitter:card\" content=\"summary_large_image\" \/>\n<meta name=\"twitter:label1\" content=\"Dur\u00e9e de lecture estim\u00e9e\" \/>\n\t<meta name=\"twitter:data1\" content=\"1 minute\" \/>\n<script type=\"application\/ld+json\" class=\"yoast-schema-graph\">{\"@context\":\"https:\/\/schema.org\",\"@graph\":[{\"@type\":\"WebPage\",\"@id\":\"https:\/\/www.cerc-mq.fr\/index.php\/les-missions-de-la-cerc\/les-membres\/\",\"url\":\"https:\/\/www.cerc-mq.fr\/index.php\/les-missions-de-la-cerc\/les-membres\/\",\"name\":\"Les membres - Cerc Martinique\",\"isPartOf\":{\"@id\":\"https:\/\/www.cerc-mq.fr\/#website\"},\"datePublished\":\"2019-03-21T16:10:18+00:00\",\"dateModified\":\"2019-03-21T16:10:18+00:00\",\"breadcrumb\":{\"@id\":\"https:\/\/www.cerc-mq.fr\/index.php\/les-missions-de-la-cerc\/les-membres\/#breadcrumb\"},\"inLanguage\":\"fr-FR\",\"potentialAction\":[{\"@type\":\"ReadAction\",\"target\":[\"https:\/\/www.cerc-mq.fr\/index.php\/les-missions-de-la-cerc\/les-membres\/\"]}]},{\"@type\":\"BreadcrumbList\",\"@id\":\"https:\/\/www.cerc-mq.fr\/index.php\/les-missions-de-la-cerc\/les-membres\/#breadcrumb\",\"itemListElement\":[{\"@type\":\"ListItem\",\"position\":1,\"name\":\"Accueil\",\"item\":\"https:\/\/www.cerc-mq.fr\/\"},{\"@type\":\"ListItem\",\"position\":2,\"name\":\"Les missions de la CERC\",\"item\":\"https:\/\/www.cerc-mq.fr\/index.php\/les-missions-de-la-cerc\/\"},{\"@type\":\"ListItem\",\"position\":3,\"name\":\"Les membres\"}]},{\"@type\":\"WebSite\",\"@id\":\"https:\/\/www.cerc-mq.fr\/#website\",\"url\":\"https:\/\/www.cerc-mq.fr\/\",\"name\":\"Cerc Martinique\",\"description\":\"Cellule \u00c9conomique R\u00e9gional de la Martinique\",\"potentialAction\":[{\"@type\":\"SearchAction\",\"target\":{\"@type\":\"EntryPoint\",\"urlTemplate\":\"https:\/\/www.cerc-mq.fr\/?s={search_term_string}\"},\"query-input\":{\"@type\":\"PropertyValueSpecification\",\"valueRequired\":true,\"valueName\":\"search_term_string\"}}],\"inLanguage\":\"fr-FR\"}]}<\/script>\n<!-- \/ Yoast SEO plugin. -->","yoast_head_json":{"title":"Les membres - Cerc Martinique","robots":{"index":"index","follow":"follow","max-snippet":"max-snippet:-1","max-image-preview":"max-image-preview:large","max-video-preview":"max-video-preview:-1"},"canonical":"https:\/\/www.cerc-mq.fr\/index.php\/les-missions-de-la-cerc\/les-membres\/","og_locale":"fr_FR","og_type":"article","og_title":"Les membres - Cerc Martinique","og_url":"https:\/\/www.cerc-mq.fr\/index.php\/les-missions-de-la-cerc\/les-membres\/","og_site_name":"Cerc Martinique","twitter_card":"summary_large_image","twitter_misc":{"Dur\u00e9e de lecture estim\u00e9e":"1 minute"},"schema":{"@context":"https:\/\/schema.org","@graph":[{"@type":"WebPage","@id":"https:\/\/www.cerc-mq.fr\/index.php\/les-missions-de-la-cerc\/les-membres\/","url":"https:\/\/www.cerc-mq.fr\/index.php\/les-missions-de-la-cerc\/les-membres\/","name":"Les membres - Cerc Martinique","isPartOf":{"@id":"https:\/\/www.cerc-mq.fr\/#website"},"datePublished":"2019-03-21T16:10:18+00:00","dateModified":"2019-03-21T16:10:18+00:00","breadcrumb":{"@id":"https:\/\/www.cerc-mq.fr\/index.php\/les-missions-de-la-cerc\/les-membres\/#breadcrumb"},"inLanguage":"fr-FR","potentialAction":[{"@type":"ReadAction","target":["https:\/\/www.cerc-mq.fr\/index.php\/les-missions-de-la-cerc\/les-membres\/"]}]},{"@type":"BreadcrumbList","@id":"https:\/\/www.cerc-mq.fr\/index.php\/les-missions-de-la-cerc\/les-membres\/#breadcrumb","itemListElement":[{"@type":"ListItem","position":1,"name":"Accueil","item":"https:\/\/www.cerc-mq.fr\/"},{"@type":"ListItem","position":2,"name":"Les missions de la CERC","item":"https:\/\/www.cerc-mq.fr\/index.php\/les-missions-de-la-cerc\/"},{"@type":"ListItem","position":3,"name":"Les membres"}]},{"@type":"WebSite","@id":"https:\/\/www.cerc-mq.fr\/#website","url":"https:\/\/www.cerc-mq.fr\/","name":"Cerc Martinique","description":"Cellule \u00c9conomique R\u00e9gional de la Martinique","potentialAction":[{"@type":"SearchAction","target":{"@type":"EntryPoint","urlTemplate":"https:\/\/www.cerc-mq.fr\/?s={search_term_string}"},"query-input":{"@type":"PropertyValueSpecification","valueRequired":true,"valueName":"search_term_string"}}],"inLanguage":"fr-FR"}]}},"_links":{"self":[{"href":"https:\/\/www.cerc-mq.fr\/index.php\/wp-json\/wp\/v2\/pages\/16","targetHints":{"allow":["GET"]}}],"collection":[{"href":"https:\/\/www.cerc-mq.fr\/index.php\/wp-json\/wp\/v2\/pages"}],"about":[{"href":"https:\/\/www.cerc-mq.fr\/index.php\/wp-json\/wp\/v2\/types\/page"}],"author":[{"embeddable":true,"href":"https:\/\/www.cerc-mq.fr\/index.php\/wp-json\/wp\/v2\/users\/1"}],"replies":[{"embeddable":true,"href":"https:\/\/www.cerc-mq.fr\/index.php\/wp-json\/wp\/v2\/comments?post=16"}],"version-history":[{"count":0,"href":"https:\/\/www.cerc-mq.fr\/index.php\/wp-json\/wp\/v2\/pages\/16\/revisions"}],"up":[{"embeddable":true,"href":"https:\/\/www.cerc-mq.fr\/index.php\/wp-json\/wp\/v2\/pages\/8"}],"wp:attachment":[{"href":"https:\/\/www.cerc-mq.fr\/index.php\/wp-json\/wp\/v2\/media?parent=16"}],"curies":[{"name":"wp","href":"https:\/\/api.w.org\/{rel}","templated":true}]}}